{"id":11921,"date":"2018-09-25T19:01:44","date_gmt":"2018-09-25T19:01:44","guid":{"rendered":"http:\/\/wordpress.ruller-wallfahrt-meppen.de\/?page_id=11921"},"modified":"2023-07-23T09:13:41","modified_gmt":"2023-07-23T09:13:41","slug":"wallfahrt","status":"publish","type":"page","link":"https:\/\/www.ruller-wallfahrt-meppen.de\/?page_id=11921","title":{"rendered":"Die j\u00e4hrliche Wallfahrt"},"content":{"rendered":"\n<h2 class=\"wp-block-heading\">vom 29. April bis 3. Mai &#8211; seit 1712 zu Fu\u00df von Meppen nach Rulle<\/h2>\n\n\n\n<p>F\u00fcr jeden Wallfahrer ist die Fu\u00dfwallfahrt das Vereinsereignis des Jahres. Kurz vor Beginn des Wallfahrtsgottesdienstes am fr\u00fchen Morgen des 29. April jeden Jahres, ist die Stimmung bereits unvergleichlich gut. Das Gemeinschaftsgef\u00fchl, das sich hier jedem Einzelnen er\u00f6ffnet &#8211; ob neu, fremd oder schon erfahren &#8211; ist unvergleichlich. Und es bleibt unvergesslich, wenn alle sich etwas m\u00fcde aber gl\u00fccklich und erleichtert am 3. Mai genauso herzlich an gleicher Stelle wieder verabschieden. Dann h\u00f6rt man \u00fcberall ein &#8222;Bis zum n\u00e4chsten Jahr!&#8220;.<\/p>\n\n\n\n<figure class=\"wp-block-image size-large\"><img loading=\"lazy\" decoding=\"async\" width=\"1024\" height=\"768\" src=\"https:\/\/www.ruller-wallfahrt-meppen.de\/wp-content\/uploads\/2023\/07\/IMG-20230501-WA0038-1024x768.jpg\" alt=\"\" class=\"wp-image-12318\" srcset=\"https:\/\/www.ruller-wallfahrt-meppen.de\/wp-content\/uploads\/2023\/07\/IMG-20230501-WA0038-1024x768.jpg 1024w, https:\/\/www.ruller-wallfahrt-meppen.de\/wp-content\/uploads\/2023\/07\/IMG-20230501-WA0038-300x225.jpg 300w, https:\/\/www.ruller-wallfahrt-meppen.de\/wp-content\/uploads\/2023\/07\/IMG-20230501-WA0038-768x576.jpg 768w, https:\/\/www.ruller-wallfahrt-meppen.de\/wp-content\/uploads\/2023\/07\/IMG-20230501-WA0038-1536x1152.jpg 1536w, https:\/\/www.ruller-wallfahrt-meppen.de\/wp-content\/uploads\/2023\/07\/IMG-20230501-WA0038.jpg 1600w\" sizes=\"auto, (max-width: 1024px) 100vw, 1024px\" \/><figcaption class=\"wp-element-caption\">Rast an der alten St.-Alexander-Kirche in Wallenhorst<br>Foto: Wallfahrtsverein<\/figcaption><\/figure>\n\n\n\n<p><\/p>\n\n\n\n<figure class=\"wp-block-image size-large\"><img loading=\"lazy\" decoding=\"async\" width=\"1024\" height=\"768\" src=\"https:\/\/www.ruller-wallfahrt-meppen.de\/wp-content\/uploads\/2023\/07\/IMG-20230501-WA0040-1024x768.jpg\" alt=\"\" class=\"wp-image-12319\" srcset=\"https:\/\/www.ruller-wallfahrt-meppen.de\/wp-content\/uploads\/2023\/07\/IMG-20230501-WA0040-1024x768.jpg 1024w, https:\/\/www.ruller-wallfahrt-meppen.de\/wp-content\/uploads\/2023\/07\/IMG-20230501-WA0040-300x225.jpg 300w, https:\/\/www.ruller-wallfahrt-meppen.de\/wp-content\/uploads\/2023\/07\/IMG-20230501-WA0040-768x576.jpg 768w, https:\/\/www.ruller-wallfahrt-meppen.de\/wp-content\/uploads\/2023\/07\/IMG-20230501-WA0040-1536x1152.jpg 1536w, https:\/\/www.ruller-wallfahrt-meppen.de\/wp-content\/uploads\/2023\/07\/IMG-20230501-WA0040.jpg 1600w\" sizes=\"auto, (max-width: 1024px) 100vw, 1024px\" \/><figcaption class=\"wp-element-caption\">Foto: Wallfahrtsverein<\/figcaption><\/figure>\n\n\n\n<figure class=\"wp-block-image size-large is-style-default\"><img loading=\"lazy\" decoding=\"async\" width=\"1024\" height=\"578\" src=\"http:\/\/wordpress.ruller-wallfahrt-meppen.de\/wp-content\/uploads\/2022\/03\/IMG_20190430_181507-1024x578.jpg\" alt=\"\" class=\"wp-image-12138\" srcset=\"https:\/\/www.ruller-wallfahrt-meppen.de\/wp-content\/uploads\/2022\/03\/IMG_20190430_181507-1024x578.jpg 1024w, https:\/\/www.ruller-wallfahrt-meppen.de\/wp-content\/uploads\/2022\/03\/IMG_20190430_181507-300x169.jpg 300w, https:\/\/www.ruller-wallfahrt-meppen.de\/wp-content\/uploads\/2022\/03\/IMG_20190430_181507-768x434.jpg 768w, https:\/\/www.ruller-wallfahrt-meppen.de\/wp-content\/uploads\/2022\/03\/IMG_20190430_181507-1536x867.jpg 1536w, https:\/\/www.ruller-wallfahrt-meppen.de\/wp-content\/uploads\/2022\/03\/IMG_20190430_181507-2048x1156.jpg 2048w\" sizes=\"auto, (max-width: 1024px) 100vw, 1024px\" \/><figcaption class=\"wp-element-caption\">Foto: Wallfahrtsverein<\/figcaption><\/figure>\n\n\n\n<p><\/p>\n","protected":false},"excerpt":{"rendered":"<p>vom 29. April bis 3. Mai &#8211; seit 1712 zu Fu\u00df von Meppen nach Rulle F\u00fcr jeden Wallfahrer ist die Fu\u00dfwallfahrt das Vereinsereignis des Jahres. Kurz vor Beginn des Wallfahrtsgottesdienstes am fr\u00fchen Morgen des 29. April jeden Jahres, ist die Stimmung bereits unvergleichlich gut. Das Gemeinschaftsgef\u00fchl, das sich hier jedem Einzelnen er\u00f6ffnet &#8211; ob neu, &hellip; <a href=\"https:\/\/www.ruller-wallfahrt-meppen.de\/?page_id=11921\" class=\"more-link\"><span class=\"screen-reader-text\">Die j\u00e4hrliche Wallfahrt<\/span> weiterlesen<\/a><\/p>\n","protected":false},"author":1,"featured_media":0,"parent":0,"menu_order":0,"comment_status":"closed","ping_status":"closed","template":"","meta":{"ngg_post_thumbnail":0,"footnotes":""},"class_list":["post-11921","page","type-page","status-publish","hentry"],"_links":{"self":[{"href":"https:\/\/www.ruller-wallfahrt-meppen.de\/index.php?rest_route=\/wp\/v2\/pages\/11921","targetHints":{"allow":["GET"]}}],"collection":[{"href":"https:\/\/www.ruller-wallfahrt-meppen.de\/index.php?rest_route=\/wp\/v2\/pages"}],"about":[{"href":"https:\/\/www.ruller-wallfahrt-meppen.de\/index.php?rest_route=\/wp\/v2\/types\/page"}],"author":[{"embeddable":true,"href":"https:\/\/www.ruller-wallfahrt-meppen.de\/index.php?rest_route=\/wp\/v2\/users\/1"}],"replies":[{"embeddable":true,"href":"https:\/\/www.ruller-wallfahrt-meppen.de\/index.php?rest_route=%2Fwp%2Fv2%2Fcomments&post=11921"}],"version-history":[{"count":14,"href":"https:\/\/www.ruller-wallfahrt-meppen.de\/index.php?rest_route=\/wp\/v2\/pages\/11921\/revisions"}],"predecessor-version":[{"id":12322,"href":"https:\/\/www.ruller-wallfahrt-meppen.de\/index.php?rest_route=\/wp\/v2\/pages\/11921\/revisions\/12322"}],"wp:attachment":[{"href":"https:\/\/www.ruller-wallfahrt-meppen.de\/index.php?rest_route=%2Fwp%2Fv2%2Fmedia&parent=11921"}],"curies":[{"name":"wp","href":"https:\/\/api.w.org\/{rel}","templated":true}]}}