{"id":12007,"date":"2021-03-21T11:03:45","date_gmt":"2021-03-21T11:03:45","guid":{"rendered":"http:\/\/wordpress.ruller-wallfahrt-meppen.de\/?page_id=12007"},"modified":"2026-03-29T09:27:41","modified_gmt":"2026-03-29T09:27:41","slug":"die-wallfahrt-in-stichworten","status":"publish","type":"page","link":"https:\/\/www.ruller-wallfahrt-meppen.de\/?page_id=12007","title":{"rendered":"Die Wallfahrt in Stichworten"},"content":{"rendered":"\n<p><\/p>\n\n\n\n<p><strong><a href=\"https:\/\/www.ruller-wallfahrt-meppen.de\/wp-content\/uploads\/2025\/02\/Anmeldung-2025.pdf\" target=\"_blank\" rel=\"noreferrer noopener\">Anmelden zur Wallfahrt?<\/a><\/strong><br>Bitte ja, auch wenn ihr nur einen Tag oder eine Teilstrecke mitgeht. <\/p>\n\n\n\n<p>Bei der j\u00e4hrlich Mitte M\u00e4rz stattfindenden Mitgliederversammlung besteht die M\u00f6glichkeit, sich in die dort ausliegenden Anmeldelisten einzutragen. Eine Mitgliedschaft im Ruller Wallfahrtsverein Meppen e. V. ist hierf\u00fcr nicht erforderlich. Der Termin der Versammlung wird in der \u00f6rtlichen Presse sowie auf unserer Homepage ver\u00f6ffentlicht. Mitglieder erhalten eine Einladung per Post.<\/p>\n\n\n\n<p>Alternativ besteht die M\u00f6glichkeit der Anmeldung \u00fcber beigef\u00fcgtes <a href=\"https:\/\/www.ruller-wallfahrt-meppen.de\/wp-content\/uploads\/2026\/03\/Anmeldung-zur-Wallfahrt-2026.pdf\">Formular<\/a> per E-Mail an <a href=\"mailto:kontakt@ruller-wallfahrt-meppen.de\">kontakt@ruller-wallfahrt-meppen.de<\/a>.<\/p>\n\n\n\n<p>Wir ben\u00f6tigen die Daten zur Planung und Organisation der Wallfahrt. Die Anmeldung zur Wallfahrt muss jedes Jahr neu erfolgen, jeweils bis Anfang April.<\/p>\n\n\n\n<p><strong>Datenschutz<\/strong><br>Wir nutzen eure pers\u00f6nlichen Daten ausschlie\u00dflich zur Organisation der Wallfahrt. Falls ihr eine Unterkunft ben\u00f6tigt, werden wir nur den Namen und das Alter an die jeweiligen Herbergen (Haus Maria Frieden in Rulle, Unterk\u00fcnfte in Schwagstorf, F\u00fcrstenau und Rulle) weiterleiten. Eine sonstige Nutzung bzw. Weiterleitung der Daten wird ausgeschlossen.<\/p>\n\n\n\n<p><strong>Kosten der Wallfahrt, allgemein<\/strong><br>Wir werden am ersten Wallfahrtstag etwas Geld f\u00fcr die allgemeinen Reisekosten (Fahrzeuge und Treibstoff, Bewirtungszusch\u00fcsse, Messen, Organisten, Erste-Hilfe-Material etc.) einsammeln. Teilnehmer, die die gesamte Strecke mitgehen, zahlen einmalig 15,00 \u20ac; Teilnehmer, die nur Teilstrecken mitgehen, bezahlen pro Tag 5,00 \u20ac. Teilnehmer, die nicht direkt am ersten Tag mitgehen, zahlen den Tagesbeitrag von 5,00 \u20ac bei den jeweiligen Vorbetern.<\/p>\n\n\n\n<p><strong>\u00dcbernachten allgemein<\/strong><br>Wer w\u00e4hrend der Wallfahrt \u00dcbernachtungsm\u00f6glichkeit w\u00fcnscht, sollte dieses bei der Anmeldung unbedingt mitteilen. Die Kosten f\u00fcr die Unterbringung im Haus Maria Frieden in Rulle vom 30.04. bis zum 02.05. in Zweibettzimmern inklusive Vollverpflegung betragen aktuell 110,00 \u20ac. Bettw\u00e4sche wird gestellt, Handt\u00fccher m\u00fcssen mitgebracht werden. Eine Teilkostenerstattung bei nur einer \u00dcbernachtung ist nicht m\u00f6glich. Ein Anspruch auf Einzelzimmer kann leider auch nicht geltend gemacht werden.<br>In Schwagstorf erfolgt die Unterbringung vorwiegend privat. Wir empfehlen, die \u00dcbernachtungen entsprechend dem Haus Maria Frieden zu verg\u00fcten.<\/p>\n\n\n\n<p><strong>\u00dcbernachten in Schwagstorf privat<\/strong><br>Es ist eine \u00fcber hundertj\u00e4hrige Tradition, dass die Meppener Wallfahrer in Schwagstorf bei Privatleuten untergebracht werden. Wenn ihr euch rechtzeitig zur Wallfahrt mit \u00dcbernachtung in Schwagstorf anmeldet, leiten wir diese Daten an den Kirchenvorstand in Schwagstorf weiter. Diese Fragen in der Gemeinde an, ob jemand bereit ist, neue Wallfahrer aufzunehmen. Lasst euch gerne auf diese Erfahrung ein, die Gastfreundschaft der Schwagstorfer ist unvergleichlich.<br>Wir bitten euch, die privaten Quartiere beizubehalten und nicht ohne Grund zu wechseln. Bitte informiert eure privaten Gastgeber rechtzeitig vor der Wallfahrt, ob ihr wiederkommt, aber auch, wenn ihr nicht wiederkommt; diese Quartiere k\u00f6nnen dann wieder neu vergeben werden.<\/p>\n\n\n\n<p><strong>Mitgliedschaft im Wallfahrtsverein<\/strong><br>F\u00fcr die Teilnahme an der Wallfahrt ist eine Mitgliedschaft im Ruller Wallfahrtsverein Meppen e. V. nicht erforderlich. Der Verein freut sich aber \u00fcber jedes Neumitglied! Der Antrag hierzu ist w\u00e4hrend der Wallfahrt beim Schriftf\u00fchrer Clemens Geers erh\u00e4ltlich. Der Jahresbeitrag betr\u00e4gt zurzeit 10 \u20ac und wird mittels SEPA Lastschriftmandat eingezogen. Daf\u00fcr erhaltet ihr mindestens zweimal j\u00e4hrlich schriftliche Informationen zum Verein, zur Wallfahrt und zu den Aktivit\u00e4ten des Missionskreises.<\/p>\n\n\n\n<p><strong>Pausen<\/strong><br>Auf der Wallfahrt werden wir in Abst\u00e4nden von ca. 1 \u00bd bis 2 Stunden diverse Pausen einlegen. Wir legen t\u00e4glich eine gr\u00f6\u00dfere Pause in Lengerich sowie in Achmer im Dorfgemeinschaftshaus ein. In den Mittagspausen besteht die M\u00f6glichkeit, eine Suppe, Kaffee und Br\u00f6tchen zu erwerben.  Kaltgetr\u00e4nke werden auf den Begleitfahrzeugen mitgef\u00fchrt. Im Wallfahrtsbuch sind im hinteren Teil die Strecke, die Pausenzeiten, und auch die Gebetsfolgen aufgef\u00fchrt.<\/p>\n\n\n\n<p><strong>Strecke<\/strong><br>Wir gehen am ersten Tag von Meppen \u00fcber Helte, Bawinkel, Gersten, Lengerich und F\u00fcrstenau nach Schwagstorf. Am zweiten Tag geht es von Schwagstorf \u00fcber Merzen, Lintern, Achmer und Wallenhorst nach Rulle.<\/p>\n\n\n\n<p><strong>Zeitplan<\/strong><br>Die Wallfahrt beginnt am 29.04. um 5.45 Uhr mit einem Gottesdienst in der Propsteikirche, anschlie\u00dfend gibt es die M\u00f6glichkeit zum Kaffeetrinken im Gemeindehaus. Um 7:00 Uhr ziehen wir gemeinsam mit der Mutter Gottes aus. Die weiteren Zeiten sind dem Wallfahrtsbuch zu entnehmen.<\/p>\n\n\n\n<p><strong>Wallfahrtsbuch<\/strong><br>Das Wallfahrtsbuch kann an den Begleitfahrzeugen kostenlos geliehen oder f\u00fcr einmalig 5 \u20ac erworben werden.<\/p>\n\n\n\n<p><strong>Versicherung<\/strong><br>Die Wallfahrt ist \u00fcber das Bistum Osnabr\u00fcck Unfall- und Haftpflicht versichert. F\u00fcr eure Ausr\u00fcstung und Koffer bei Besch\u00e4digung und Verlust kann der RWV keine Gew\u00e4hr \u00fcbernehmen.<\/p>\n\n\n\n<p><em>Von Clemens Geers<\/em><\/p>\n","protected":false},"excerpt":{"rendered":"<p>Anmelden zur Wallfahrt?Bitte ja, auch wenn ihr nur einen Tag oder eine Teilstrecke mitgeht. Bei der j\u00e4hrlich Mitte M\u00e4rz stattfindenden Mitgliederversammlung besteht die M\u00f6glichkeit, sich in die dort ausliegenden Anmeldelisten einzutragen. Eine Mitgliedschaft im Ruller Wallfahrtsverein Meppen e. V. ist hierf\u00fcr nicht erforderlich. Der Termin der Versammlung wird in der \u00f6rtlichen Presse sowie auf unserer &hellip; <a href=\"https:\/\/www.ruller-wallfahrt-meppen.de\/?page_id=12007\" class=\"more-link\"><span class=\"screen-reader-text\">Die Wallfahrt in Stichworten<\/span> weiterlesen<\/a><\/p>\n","protected":false},"author":1,"featured_media":0,"parent":11921,"menu_order":0,"comment_status":"closed","ping_status":"closed","template":"","meta":{"ngg_post_thumbnail":0,"footnotes":""},"class_list":["post-12007","page","type-page","status-publish","hentry"],"_links":{"self":[{"href":"https:\/\/www.ruller-wallfahrt-meppen.de\/index.php?rest_route=\/wp\/v2\/pages\/12007","targetHints":{"allow":["GET"]}}],"collection":[{"href":"https:\/\/www.ruller-wallfahrt-meppen.de\/index.php?rest_route=\/wp\/v2\/pages"}],"about":[{"href":"https:\/\/www.ruller-wallfahrt-meppen.de\/index.php?rest_route=\/wp\/v2\/types\/page"}],"author":[{"embeddable":true,"href":"https:\/\/www.ruller-wallfahrt-meppen.de\/index.php?rest_route=\/wp\/v2\/users\/1"}],"replies":[{"embeddable":true,"href":"https:\/\/www.ruller-wallfahrt-meppen.de\/index.php?rest_route=%2Fwp%2Fv2%2Fcomments&post=12007"}],"version-history":[{"count":12,"href":"https:\/\/www.ruller-wallfahrt-meppen.de\/index.php?rest_route=\/wp\/v2\/pages\/12007\/revisions"}],"predecessor-version":[{"id":12615,"href":"https:\/\/www.ruller-wallfahrt-meppen.de\/index.php?rest_route=\/wp\/v2\/pages\/12007\/revisions\/12615"}],"up":[{"embeddable":true,"href":"https:\/\/www.ruller-wallfahrt-meppen.de\/index.php?rest_route=\/wp\/v2\/pages\/11921"}],"wp:attachment":[{"href":"https:\/\/www.ruller-wallfahrt-meppen.de\/index.php?rest_route=%2Fwp%2Fv2%2Fmedia&parent=12007"}],"curies":[{"name":"wp","href":"https:\/\/api.w.org\/{rel}","templated":true}]}}