{"id":12035,"date":"2021-04-02T12:17:27","date_gmt":"2021-04-02T12:17:27","guid":{"rendered":"http:\/\/wordpress.ruller-wallfahrt-meppen.de\/?page_id=12035"},"modified":"2023-01-20T19:03:10","modified_gmt":"2023-01-20T19:03:10","slug":"datenschutzerklaerung","status":"publish","type":"page","link":"https:\/\/www.ruller-wallfahrt-meppen.de\/?page_id=12035","title":{"rendered":"Datenschutzerkl\u00e4rung"},"content":{"rendered":"\n<h2 class=\"wp-block-heading\"><strong>Vorwort<\/strong><\/h2>\n\n\n\n<p>Wir, der Ruller Wallfahrtsverein e.V., nehmen den Schutz Ihrer personenbezogenen Daten ernst und m\u00f6chten Sie an dieser Stelle \u00fcber den Datenschutz in unserem Verein informieren.<\/p>\n\n\n\n<p>Uns sind im Rahmen unserer datenschutzrechtlichen Verantwortlichkeit durch das Inkrafttreten der EU-Datenschutz-Grundverordnung (Verordnung (EU) 2016\/679; nachfolgend: &#8222;DS-GVO<strong>&#8222;<\/strong>) zus\u00e4tzliche Pflichten auferlegt worden, um den Schutz personenbezogener Daten der von einer Verarbeitung betroffenen Person (wir sprechen Sie als betroffene Person nachfolgend auch mit <strong>&#8222;<\/strong>Kunde&#8220;, &#8222;Nutzer&#8220;, &#8222;Sie&#8220;, &#8222;Ihnen&#8220; oder &#8222;Betroffener&#8220; an) sicherzustellen.<\/p>\n\n\n\n<p>Soweit wir entweder alleine oder gemeinsam mit anderen \u00fcber die Zwecke und Mittel der Datenverarbeitung entscheiden, umfasst dies vor allem die Pflicht, Sie transparent \u00fcber Art, Umfang, Zweck, Dauer und Rechtsgrundlage der Verarbeitung zu informieren (vgl. Art.&nbsp;13 und 14 DS-GVO). Mit dieser Erkl\u00e4rung (nachfolgend: &#8222;Datenschutzhinweise&#8220;) informieren wir Sie dar\u00fcber, in welcher Weise Ihre personenbezogenen Daten von uns verarbeitet werden.<\/p>\n\n\n\n<p><strong>(1)&nbsp; Begriffsbestimmungen<\/strong><\/p>\n\n\n\n<p>Nach dem Vorbild des Art.&nbsp;4 DS-GVO liegen dieser Datenschutzhinweise folgende Begriffsbestimmungen zugrunde:<\/p>\n\n\n\n<p>\u2013 &#8222;Personenbezogene Daten&#8220; (Art.&nbsp;4 Nr.&nbsp;1 DS-GVO) sind alle Informationen, die sich auf eine identifizierte oder identifizierbare nat\u00fcrliche Person (&#8222;Betroffener&#8220;) beziehen. Identifizierbar ist eine Person, wenn sie direkt oder indirekt, insbesondere mittels Zuordnung zu einer Kennung wie einem Namen, einer Kennnummer, einer Online-Kennung, Standortdaten oder mithilfe von Informationen zu ihren physischen, physiologischen, genetischen, psychischen, wirtschaftlichen, kulturellen oder sozialen Identit\u00e4tsmerkmalen identifiziert werden kann. Die Identifizierbarkeit kann auch mittels einer Verkn\u00fcpfung von derartigen Informationen oder anderem Zusatzwissen gegeben sein. Auf das Zustandekommen, die Form oder die Verk\u00f6rperung der Informationen kommt es nicht an (auch Fotos, Video- oder Tonaufnahmen k\u00f6nnen personenbezogene Daten enthalten).<\/p>\n\n\n\n<p>\u2013 &#8222;Verarbeiten&#8220; (Art.&nbsp;4 Nr.&nbsp;2 DS-GVO) ist jeder Vorgang, bei dem mit personenbezogenen Daten umgegangen wird, gleich ob mit oder ohne Hilfe automatisierter (dh technikgest\u00fctzter) Verfahren. Dies umfasst insbesondere das Erheben (dh die Beschaffung), das Erfassen, die Organisation, das Ordnen, die Speicherung, die Anpassung oder Ver\u00e4nderung, das Auslesen, das Abfragen, die Verwendung, die Offenlegung durch \u00dcbermittlung, die Verbreitung oder sonstige Bereitstellung, den Abgleich, die Verkn\u00fcpfung, die Einschr\u00e4nkung, das L\u00f6schen oder die Vernichtung von personenbezogenen Daten sowie die \u00c4nderung einer Ziel- oder Zweckbestimmung, die einer Datenverarbeitung urspr\u00fcnglich zugrunde gelegt wurde.<\/p>\n\n\n\n<p>\u2013 &#8222;Verantwortlicher&#8220; (Art.&nbsp;4 Nr.&nbsp;7 DS-GVO) ist die nat\u00fcrliche oder juristische Person, Beh\u00f6rde, Einrichtung oder andere Stelle, die allein oder gemeinsam mit anderen \u00fcber die Zwecke und Mittel der Verarbeitung von personenbezogenen Daten entscheidet.<\/p>\n\n\n\n<p>\u2013 &#8222;Dritter&#8220; (Art.&nbsp;4 Nr.&nbsp;10 DS-GVO) ist jede nat\u00fcrliche oder juristische Person, Beh\u00f6rde, Einrichtung oder andere Stelle au\u00dfer dem Betroffenen, dem Verantwortlichen, dem Auftragsverarbeiter und den Personen, die unter der unmittelbaren Verantwortung des Verantwortlichen oder Auftragsverarbeiters befugt sind, die personenbezogenen Daten zu verarbeiten; dazu geh\u00f6ren auch andere konzernangeh\u00f6rige juristische Personen.<\/p>\n\n\n\n<p>\u2013 &#8222;Auftragsverarbeiter&#8220; (Art.&nbsp;4 Nr.&nbsp;8 DS-GVO) ist eine nat\u00fcrliche oder juristische Person, Beh\u00f6rde, Einrichtung oder andere Stelle, die personenbezogene Daten im Auftrag des Verantwortlichen, insbesondere gem\u00e4\u00df dessen Weisungen, verarbeitet (z. B. IT-Dienstleister). Im datenschutzrechtlichen Sinne ist ein Auftragsverarbeiter insbesondere kein Dritter.<\/p>\n\n\n\n<p>\u2013 &#8222;Einwilligung&#8220; (Art.&nbsp;4 Nr.&nbsp;11 DS-GVO) der betroffenen Person bezeichnet jede freiwillig f\u00fcr den bestimmten Fall, in informierter Weise und unmissverst\u00e4ndlich abgegebene Willensbekundung in Form einer Erkl\u00e4rung oder einer sonstigen eindeutigen best\u00e4tigenden Handlung, mit der die betroffene Person zu verstehen gibt, dass sie mit der Verarbeitung der sie betreffenden personenbezogenen Daten einverstanden ist.<\/p>\n\n\n\n<p><strong>(2)&nbsp; Name und Anschrift des f\u00fcr die Verarbeitung Verantwortlichen<\/strong><\/p>\n\n\n\n<p>Die f\u00fcr die Verarbeitung Ihrer personenbezogenen Daten verantwortliche Stelle im Sinne des Art.&nbsp;4 Nr.&nbsp;7 DS-GVO sind wir:<\/p>\n\n\n\n<p><strong>Ruller Wallfahrtsverein Meppen e.V.<\/strong><\/p>\n\n\n\n<p>Weitere Angaben zu unserem Verein entnehmen Sie bitte den Impressumsangaben auf unserer Internetseite (<a href=\"http:\/\/wordpress.ruller-wallfahrt-meppen.de\/?page_id=9747\" data-type=\"page\" data-id=\"9747\">Impressum<\/a>).<\/p>\n\n\n\n<p><strong>(3)&nbsp; Kontaktdaten des Datenschutzbeauftragten<\/strong><\/p>\n\n\n\n<p>Bei allen Fragen und als Ansprechpartner zum Thema Datenschutz bei uns steht Ihnen unser betrieblicher Datenschutzbeauftragter jederzeit zur Verf\u00fcgung. Seine Kontaktdaten sind:<\/p>\n\n\n\n<p>Ruller Wallfahrtsverein Meppen e.V.<br>Vorsitzender: Ansgar Temmen<br>Pastor-Fritz-Stra\u00dfe 3<br>49716 Meppen<\/p>\n\n\n\n<p>Telefon: 05931 4968884<br>E-Mail: <a href=\"mailto:vorstand@ruller-wallfahrt-meppen.de\">vorstand@ruller-wallfahrt-meppen.de<\/a><\/p>\n\n\n\n<p><strong>(4)&nbsp;Rechtsgrundlagen der Datenverarbeitung<\/strong><\/p>\n\n\n\n<p>Von Gesetzes wegen ist im Grundsatz jede Verarbeitung personenbezogener Daten verboten und nur dann erlaubt, wenn die Datenverarbeitung unter einen der folgenden Rechtfertigungstatbest\u00e4nde f\u00e4llt:<\/p>\n\n\n\n<p>\u2013 Art.&nbsp;6 Abs.&nbsp;1 S.&nbsp;1 lit. a DS-GVO (&#8222;Einwilligung&#8220;): Wenn der Betroffene freiwillig, in informierter Weise und unmissverst\u00e4ndlich durch eine Erkl\u00e4rung oder eine sonstige eindeutige best\u00e4tigende Handlung zu verstehen gegeben hat, dass er mit der Verarbeitung der ihn betreffenden personenbezogenen Daten f\u00fcr einen oder mehrere bestimmte Zwecke einverstanden ist;<\/p>\n\n\n\n<p>\u2013 Art.&nbsp;6 Abs.&nbsp;1 S.&nbsp;1 lit. b DS-GVO: Wenn die Verarbeitung zur Erf\u00fcllung eines Vertrags, dessen Vertragspartei der Betroffene ist, oder zur Durchf\u00fchrung vorvertraglicher Ma\u00dfnahmen erforderlich ist, die auf die Anfrage des Betroffenen erfolgen;<\/p>\n\n\n\n<p>\u2013 Art.&nbsp;6 Abs.&nbsp;1 S.&nbsp;1 lit. c DS-GVO: Wenn die Verarbeitung zur Erf\u00fcllung einer rechtlichen Verpflichtung erforderlich ist, der der Verantwortliche unterliegt (z. B. eine gesetzliche Aufbewahrungspflicht);<\/p>\n\n\n\n<p>\u2013 Art.&nbsp;6 Abs.&nbsp;1 S.&nbsp;1 lit. d DS-GVO: Wenn die Verarbeitung erforderlich ist, um lebenswichtige Interessen des Betroffenen oder einer anderen nat\u00fcrlichen Person zu sch\u00fctzen;<\/p>\n\n\n\n<p>\u2013 Art.&nbsp;6 Abs.&nbsp;1 S.&nbsp;1 lit. e DS-GVO: Wenn die Verarbeitung f\u00fcr die Wahrnehmung einer Aufgabe erforderlich ist, die im \u00f6ffentlichen Interesse liegt oder in Aus\u00fcbung \u00f6ffentlicher Gewalt erfolgt, die dem Verantwortlichen \u00fcbertragen wurde oder<\/p>\n\n\n\n<p>\u2013 Art.&nbsp;6 Abs.&nbsp;1 S.&nbsp;1 lit. f DS-GVO (&#8222;Berechtigte Interessen&#8220;): Wenn die Verarbeitung zur Wahrung berechtigter (insbesondere rechtlicher oder wirtschaftlicher) Interessen des Verantwortlichen oder eines Dritten erforderlich ist, sofern nicht die gegenl\u00e4ufigen Interessen oder Rechte des Betroffenen \u00fcberwiegen (insbesondere dann, wenn es sich dabei um einen Minderj\u00e4hrigen handelt).&nbsp;<\/p>\n\n\n\n<p>F\u00fcr die von uns vorgenommenen Verarbeitungsvorg\u00e4nge geben wir im Folgenden jeweils die anwendbare Rechtsgrundlage an. Eine Verarbeitung kann auch auf mehreren Rechtsgrundlagen beruhen.<\/p>\n\n\n\n<p><strong>(5) Datensicherheit<\/strong><\/p>\n\n\n\n<p>Wir bedienen uns geeigneter technischer und organisatorischer Sicherheitsma\u00dfnahmen, um Ihre Daten gegen zuf\u00e4llige oder vors\u00e4tzliche Manipulationen, teilweisen oder vollst\u00e4ndigen Verlust, Zerst\u00f6rung oder gegen den unbefugten Zugriff Dritter zu sch\u00fctzen (zB TSL-Verschl\u00fcsselung f\u00fcr unsere Webseite) unter Ber\u00fccksichtigung des Stands der Technik, der Implementierungskosten und der Natur, des Umfangs, des Kontextes und des Zwecks der Verarbeitung sowie der bestehenden Risiken einer Datenpanne (inklusive von deren Wahrscheinlichkeit und Auswirkungen) f\u00fcr den Betroffenen. Unsere Sicherheitsma\u00dfnahmen werden entsprechend der technologischen Entwicklung fortlaufend verbessert.<\/p>\n\n\n\n<p>N\u00e4here Informationen hierzu erteilen wir Ihnen auf Anfrage gerne. Wenden Sie sich hierzu bitte an unseren Datenschutzbeauftragten (siehe unter A.(3)).<\/p>\n\n\n\n<p><strong>(6)&nbsp;Keine automatisiere Entscheidungsfindung (einschlie\u00dflich Profiling)<\/strong><\/p>\n\n\n\n<p>Wir haben nicht die Absicht, von Ihnen erhobene personenbezogene Daten f\u00fcr ein Verfahren zur automatisierten Entscheidungsfindung (einschlie\u00dflich Profiling) zu verwenden.<\/p>\n\n\n\n<p><strong>(7)&nbsp;Gesetzliche Verpflichtung zur \u00dcbermittlung bestimmter Daten<\/strong><\/p>\n\n\n\n<p>Wir k\u00f6nnen unter Umst\u00e4nden einer besonderen gesetzlichen oder rechtlichen Verpflichtung unterliegen, die rechtm\u00e4\u00dfig verarbeiteten personenbezogenen Daten f\u00fcr Dritte, insbesondere \u00f6ffentlichen Stellen, bereitzustellen (Art.&nbsp;6 Abs.&nbsp;1 S.&nbsp;1 lit. c DS-GVO).<\/p>\n\n\n\n<p><strong>(8) Ihre Rechte<\/strong><\/p>\n\n\n\n<p>Ihre Rechte als Betroffener bez\u00fcglich Ihrer verarbeiteten personenbezogenen Daten k\u00f6nnen Sie uns gegen\u00fcber unter den eingangs unter A.(2) angegebenen Kontaktdaten jederzeit geltend machen. Sie haben als Betroffener das Recht:<\/p>\n\n\n\n<p>\u2013 gem\u00e4\u00df Art.&nbsp;15 DS-GVO Auskunft \u00fcber Ihre von uns verarbeiteten Daten zu verlangen. Insbesondere k\u00f6nnen Sie Auskunft \u00fcber die Verarbeitungszwecke, die Kategorie der Daten, die Kategorien von Empf\u00e4ngern, gegen\u00fcber denen Ihre Daten offengelegt wurden oder werden, die geplante Speicherdauer, das Bestehen eines Rechts auf Berichtigung, L\u00f6schung, Einschr\u00e4nkung der Verarbeitung oder Widerspruch, das Bestehen eines Beschwerderechts, die Herkunft ihrer Daten, sofern diese nicht bei uns erhoben wurden, sowie \u00fcber das Bestehen einer automatisierten Entscheidungsfindung einschlie\u00dflich Profiling und ggf. aussagekr\u00e4ftigen Informationen zu deren Einzelheiten verlangen;<\/p>\n\n\n\n<p>\u2013 gem\u00e4\u00df Art.&nbsp;16 DS-GVO unverz\u00fcglich die Berichtigung unrichtiger oder die Vervollst\u00e4ndigung Ihrer bei uns gespeicherten Daten zu verlangen;<\/p>\n\n\n\n<p>\u2013 gem\u00e4\u00df Art.&nbsp;17 DS-GVO die L\u00f6schung Ihrer bei uns gespeicherten Daten zu verlangen, soweit nicht die Verarbeitung zur Aus\u00fcbung des Rechts auf freie Meinungs\u00e4u\u00dferung und Information, zur Erf\u00fcllung einer rechtlichen Verpflichtung, aus Gr\u00fcnden des \u00f6ffentlichen Interesses oder zur Geltendmachung, Aus\u00fcbung oder Verteidigung von Rechtsanspr\u00fcchen erforderlich ist;<\/p>\n\n\n\n<p>\u2013 gem\u00e4\u00df Art.&nbsp;18 DS-GVO die Einschr\u00e4nkung der Verarbeitung Ihrer Daten zu verlangen, soweit die Richtigkeit der Daten von Ihnen bestritten wird oder die Verarbeitung unrechtm\u00e4\u00dfig ist;<\/p>\n\n\n\n<p>\u2013 gem\u00e4\u00df Art.&nbsp;20 DS-GVO Ihre Daten, die Sie uns bereitgestellt haben, in einem strukturierten, g\u00e4ngigen und maschinenlesbaren Format zu erhalten oder die \u00dcbermittlung an einen anderen Verantwortlichen zu verlangen (&#8222;Daten\u00fcbertragbarkeit&#8220;);<\/p>\n\n\n\n<p>\u2013 gem\u00e4\u00df Art.&nbsp;21 DS-GVO Widerspruch gegen die Verarbeitung einzulegen, sofern die Verarbeitung aufgrund von Art.&nbsp;6 Abs.&nbsp;1 S.&nbsp;1 lit. e oder lit. f DS-GVO erfolgt. Dies ist insbesondere der Fall, wenn die Verarbeitung nicht zur Erf\u00fcllung eines Vertrags mit Ihnen erforderlich ist. Sofern es sich nicht um einen Widerspruch gegen Direktwerbung handelt, bitten wir bei Aus\u00fcbung eines solchen Widerspruchs um die Darlegung der Gr\u00fcnde, weshalb wir Ihre Daten nicht wie von uns durchgef\u00fchrt verarbeiten sollen. Im Falle Ihres begr\u00fcndeten Widerspruchs pr\u00fcfen wir die Sachlage und werden entweder die Datenverarbeitung einstellen bzw. anpassen oder Ihnen unsere zwingenden schutzw\u00fcrdigen Gr\u00fcnde aufzeigen, aufgrund derer wir die Verarbeitung fortf\u00fchren;<\/p>\n\n\n\n<p>\u2013 gem\u00e4\u00df Art.&nbsp;7 Abs.&nbsp;3 DS-GVO Ihre einmal (auch vor der Geltung der DS-GVO, dh vor dem 25.5.2018) erteilte Einwilligung \u2013 also Ihr freiwilliger, in informierter Weise und unmissverst\u00e4ndlich durch eine Erkl\u00e4rung oder eine sonstige eindeutige best\u00e4tigende Handlung verst\u00e4ndlich gemachter Willen, dass Sie mit der Verarbeitung der betreffenden personenbezogenen Daten f\u00fcr einen oder mehrere bestimmte Zwecke einverstanden sind \u2013 jederzeit uns gegen\u00fcber zu widerrufen, falls Sie eine solche erteilt haben. Dies hat zur Folge, dass wir die Datenverarbeitung, die auf dieser Einwilligung beruhte, f\u00fcr die Zukunft nicht mehr fortf\u00fchren d\u00fcrfen und<\/p>\n\n\n\n<p>\u2013 gem\u00e4\u00df Art.&nbsp;77 DS-GVO sich bei einer Datenschutz-Aufsichtsbeh\u00f6rde \u00fcber die Verarbeitung Ihrer personenbezogenen Daten in unserem Verein zu beschweren, etwa bei der f\u00fcr uns zust\u00e4ndigen Datenschutz-Aufsichtsbeh\u00f6rde: <\/p>\n\n\n\n<p>Die Landesbeauftragte f\u00fcr den Datenschutz Niedersachsen, <br>Prinzenstra\u00dfe 5, 30159 Hannover, poststelle@lfd.niedersachsen.de<\/p>\n\n\n\n<p><strong>(9) Verarbeitete personenbezogene Daten<\/strong><\/p>\n\n\n\n<p>Bei der informatorischen Nutzung der Webseiten werden die folgenden Kategorien personenbezogener Daten von uns erhoben, gespeichert und weiterverarbeitet:<\/p>\n\n\n\n<p>&#8222;Protokolldaten&#8220;: Wenn Sie unsere Webseiten besuchen, wird auf unserem Webserver tempor\u00e4r und anonymisiert ein sogenannter Protokolldatensatz (sog. Server-Logfiles) gespeichert. Dieser besteht aus:<\/p>\n\n\n\n<p>\u2013 der Seite, von der aus die Seite angefordert wurde (sog. Referrer-URL)<\/p>\n\n\n\n<p>\u2013 dem Namen und URL der angeforderten Seite<\/p>\n\n\n\n<p>\u2013 dem Datum und der Uhrzeit des Aufrufs<\/p>\n\n\n\n<p>\u2013 der Beschreibung des Typs, Sprache und Version des verwendeten Webbrowsers<\/p>\n\n\n\n<p>\u2013 der IP-Adresse des anfragenden Rechners, die so verk\u00fcrzt wird, dass ein Personenbezug nicht mehr herstellbar ist<\/p>\n\n\n\n<p>\u2013 der \u00fcbertragenen Datenmenge<\/p>\n\n\n\n<p>\u2013 dem Betriebssystem<\/p>\n\n\n\n<p>\u2013 der Meldung, ob der Aufruf erfolgreich war (Zugriffsstatus\/Http-Statuscode)<\/p>\n\n\n\n<p>\u2013 der GMT-Zeitzonendifferenz<\/p>\n\n\n\n<p>&#8222;Kontaktformulardaten&#8220;: Bei Nutzung von Kontaktformularen werden die dadurch \u00fcbermittelten Daten verarbeitet (z. B. Geschlecht, Name und Vorname, Anschrift, Firma, E-Mail-Adresse und der Zeitpunkt der \u00dcbermittlung).<\/p>\n\n\n\n<p><strong>(6) Einsatz von Cookies, Plugins und sonstige Dienste auf unserer Webseite<\/strong><\/p>\n\n\n\n<p>Auf unseren Webseiten nutzen wir Cookies. Bei Cookies handelt es sich um kleine Textdateien, die auf Ihrer Festplatte dem von Ihnen verwendeten Browser durch eine charakteristische Zeichenfolge zugeordnet und gespeichert werden und durch welche der Stelle, die das Cookie setzt, bestimmte Informationen zuflie\u00dfen. Cookies k\u00f6nnen keine Programme ausf\u00fchren oder Viren auf Ihren Computer \u00fcbertragen und daher keine Sch\u00e4den anrichten. Sie dienen dazu, das Internetangebot insgesamt nutzerfreundlicher und effektiver, also f\u00fcr Sie angenehmer zu machen.<\/p>\n\n\n\n<p>Cookies k\u00f6nnen Daten enthalten, die eine Wiedererkennung des genutzten Ger\u00e4ts m\u00f6glich machen. Teilweise enthalten Cookies aber auch lediglich Informationen zu bestimmten Einstellungen, die nicht personenbeziehbar sind. Cookies k\u00f6nnen einen Nutzer aber nicht direkt identifizieren.&nbsp;<\/p>\n\n\n\n<p>Man unterscheidet zwischen Session-Cookies, die wieder gel\u00f6scht werden, sobald Sie ihren Browser schlie\u00dfen und permanenten Cookies, die \u00fcber die einzelne Sitzung hinaus gespeichert werden. Hinsichtlich ihrer Funktion unterscheidet man bei Cookies wiederum zwischen:<\/p>\n\n\n\n<p>\u2013 Technical Cookies: Diese sind zwingend erforderlich, um sich auf der Webseite zu bewegen, grundlegende Funktionen zu nutzen und die Sicherheit der Webseite zu gew\u00e4hrleisten; sie sammeln weder Informationen \u00fcber Sie zu Marketingzwecken noch speichern sie, welche Webseiten Sie besucht haben;<\/p>\n\n\n\n<p>\u2013 Performance Cookies: Diese sammeln Informationen dar\u00fcber, wie Sie unsere Webseite nutzen, welche Seiten Sie besuchen und z. B. ob Fehler bei der Webseitennutzung auftreten; sie sammeln keine Informationen, die Sie identifizieren k\u00f6nnten \u2013 alle gesammelten Informationen sind anonym und werden nur verwendet, um unsere Webseite zu verbessern und herauszufinden, was unsere Nutzer interessiert;<\/p>\n\n\n\n<p>\u2013 Advertising Cookies, Targeting Cookies: Diese dienen dazu, dem Webseitennutzer bedarfsgerechte Werbung auf der Webseite oder Angebote von Dritten anzubieten und die Effektivit\u00e4t dieser Angebote zu messen; Advertising und Targeting Cookies werden maximal 13&nbsp;Monate lang gespeichert;<\/p>\n\n\n\n<p>\u2013 Sharing Cookies: Diese dienen dazu, die Interaktivit\u00e4t unserer Webseite mit anderen Diensten (z. B. sozialen Netzwerken) zu verbessern; Sharing Cookies werden maximal 13&nbsp;Monate lang gespeichert.<\/p>\n\n\n\n<p>Jeder Einsatz von Cookies, der nicht zwingend technisch erforderlich ist, stellt eine Datenverarbeitung dar, die nur mit einer ausdr\u00fccklichen und aktiven Einwilligung Ihrerseits gem. Art.&nbsp;6 Abs.&nbsp;1 S.&nbsp;1 lit.&nbsp;a DS-GVO erlaubt ist. Dies gilt insbesondere f\u00fcr die Verwendung von Advertising, Targeting oder Sharing Cookies. Dar\u00fcber hinaus geben wir Ihre durch Cookies verarbeiteten personenbezogenen Daten nur an Dritte weiter, wenn Sie nach Art.&nbsp;6 Abs.&nbsp;1 S.&nbsp;1 lit. a DS-GVO eine ausdr\u00fcckliche Einwilligung dazu erteilt haben.<\/p>\n\n\n\n<p><strong>(7)&nbsp;Zusammenarbeit mit Auftragsverarbeitern<\/strong><\/p>\n\n\n\n<p>Wir bedienen uns externen Dienstleister (Auftragsverarbeiter) z. B. f\u00fcr das Hosting der Webseite. Mit dem Dienstleister wurde eine separate Auftragsdatenverarbeitung geschlossen, um den Schutz Ihrer personenbezogenen Daten zu gew\u00e4hrleisten. Wir arbeiten mit folgenden Dienstleistern zusammen:<\/p>\n\n\n\n<p>STRATO AG, Berlin (Webhosting)<\/p>\n","protected":false},"excerpt":{"rendered":"<p>Vorwort Wir, der Ruller Wallfahrtsverein e.V., nehmen den Schutz Ihrer personenbezogenen Daten ernst und m\u00f6chten Sie an dieser Stelle \u00fcber den Datenschutz in unserem Verein informieren. Uns sind im Rahmen unserer datenschutzrechtlichen Verantwortlichkeit durch das Inkrafttreten der EU-Datenschutz-Grundverordnung (Verordnung (EU) 2016\/679; nachfolgend: &#8222;DS-GVO&#8222;) zus\u00e4tzliche Pflichten auferlegt worden, um den Schutz personenbezogener Daten der von einer &hellip; <a href=\"https:\/\/www.ruller-wallfahrt-meppen.de\/?page_id=12035\" class=\"more-link\"><span class=\"screen-reader-text\">Datenschutzerkl\u00e4rung<\/span> weiterlesen<\/a><\/p>\n","protected":false},"author":2,"featured_media":0,"parent":9747,"menu_order":0,"comment_status":"closed","ping_status":"closed","template":"","meta":{"ngg_post_thumbnail":0,"footnotes":""},"class_list":["post-12035","page","type-page","status-publish","hentry"],"_links":{"self":[{"href":"https:\/\/www.ruller-wallfahrt-meppen.de\/index.php?rest_route=\/wp\/v2\/pages\/12035","targetHints":{"allow":["GET"]}}],"collection":[{"href":"https:\/\/www.ruller-wallfahrt-meppen.de\/index.php?rest_route=\/wp\/v2\/pages"}],"about":[{"href":"https:\/\/www.ruller-wallfahrt-meppen.de\/index.php?rest_route=\/wp\/v2\/types\/page"}],"author":[{"embeddable":true,"href":"https:\/\/www.ruller-wallfahrt-meppen.de\/index.php?rest_route=\/wp\/v2\/users\/2"}],"replies":[{"embeddable":true,"href":"https:\/\/www.ruller-wallfahrt-meppen.de\/index.php?rest_route=%2Fwp%2Fv2%2Fcomments&post=12035"}],"version-history":[{"count":10,"href":"https:\/\/www.ruller-wallfahrt-meppen.de\/index.php?rest_route=\/wp\/v2\/pages\/12035\/revisions"}],"predecessor-version":[{"id":12253,"href":"https:\/\/www.ruller-wallfahrt-meppen.de\/index.php?rest_route=\/wp\/v2\/pages\/12035\/revisions\/12253"}],"up":[{"embeddable":true,"href":"https:\/\/www.ruller-wallfahrt-meppen.de\/index.php?rest_route=\/wp\/v2\/pages\/9747"}],"wp:attachment":[{"href":"https:\/\/www.ruller-wallfahrt-meppen.de\/index.php?rest_route=%2Fwp%2Fv2%2Fmedia&parent=12035"}],"curies":[{"name":"wp","href":"https:\/\/api.w.org\/{rel}","templated":true}]}}