{"id":12121,"date":"2022-03-31T11:04:56","date_gmt":"2022-03-31T11:04:56","guid":{"rendered":"http:\/\/wordpress.ruller-wallfahrt-meppen.de\/?page_id=12121"},"modified":"2023-02-18T10:07:41","modified_gmt":"2023-02-18T10:07:41","slug":"joseph-hake","status":"publish","type":"page","link":"https:\/\/www.ruller-wallfahrt-meppen.de\/?page_id=12121","title":{"rendered":"Joseph Hake"},"content":{"rendered":"\n<p>I N&nbsp;&nbsp; M E M O R I A M<\/p>\n\n\n\n<p><strong>Ruller Wallfahrtsverein trauert um Joseph Hake<\/strong><\/p>\n\n\n\n<p>Leiter des Missionskreises Pater Wernke verstorben<\/p>\n\n\n\n<p>Der Ruller Wallfahrtsverein Meppen e. V. trauert um seinen langj\u00e4hrigen zweiten Vorsitzenden und Initiator des Missionskreises, Joseph Hake. Er verstarb nach schwerer Krankheit am 28.07.2019 im Alter von 66 Jahren.<\/p>\n\n\n\n<p>Joseph Hake war begeisterter Wallfahrer. Er nahm unz\u00e4hlige Male an der Fu\u00dfwallfahrt nach Rulle teil, zuletzt 2018. Seit 1997 war er zweiter Vorsitzender und in dieser Funktion auch f\u00fcr den von ihm mit initiierten Missionskreis Pater Wernke verantwortlich.<\/p>\n\n\n\n<p>Die Gr\u00fcndung des Missionskreises geht zur\u00fcck auf die Teilnahme von Pater Wernke an der Fu\u00dfwallfahrt nach Rulle 1995 w\u00e4hrend seines Heimatbesuchs. Dieser war seinerzeit als Missionar in Afrika t\u00e4tig. Durch den Austausch mit den Wallfahrern erfuhren diese von der Not in Afrika und die damit verbundene, m\u00fchselige Arbeit der Missionare. Am Ende der Wallfahrt stand f\u00fcr viele Pilger der Entschluss fest, den Menschen in Afrika zu helfen.<\/p>\n\n\n\n<p>Bereits auf der folgenden Generalversammlung des Ruller Wallfahrtsvereins 1996 wurde der Missionskreis Pater Wernke gegr\u00fcndet. Seit 1998 ist dieser in der Vereinssatzung verankert. Joseph Hake geh\u00f6rte zu den entscheidenden Pilgern, die den Worten Taten folgen lie\u00dfen und setzte in den Folgejahren viele Projektideen in die Tat um. Der Missionskreis unterscheidet sich insofern von anderen Wohlt\u00e4tigkeitsorganisationen, da die Einnahmen vorrangig durch eigene Aktionen selbst verdient werden. Zu den j\u00e4hrlichen Hauptaktionen z\u00e4hlen der Stand auf dem N\u00f6diker Herbstmarkt, der Weihnachtsbaumverkauf am Helter Damm und das Preisdoppelkopfturnier, welche auch in diesem Jahr stattfinden. Dadurch und mit zus\u00e4tzlichen Spendeneinnahmen von Firmen und Privatleuten, kamen so in 23 Jahren weit \u00fcber eine Million Euro f\u00fcr hilfsbed\u00fcrftige Menschen in Afrika zusammen. Alle Einnahmen werden ehrenamtlich erwirtschaftet, verwaltet und flie\u00dfen in konkrete Projekte. Die Missionsprojekte sind u. a. die Ausstattung von Kinderg\u00e4rten, Schulen und die Ausbildung von Studenten in unterschiedlichen Berufen wie \u00c4rzten, Lehrern und Juristen. Diese werden bereits vorher verpflichtet, nach Ende des Studiums f\u00fcr die dortigen Partnervereine zu arbeiten. Diese Non-Profit-Partnervereine in Afrika werden in regelm\u00e4\u00dfigen Abst\u00e4nden von den Missionskreisunterst\u00fctzern auf eigene Kosten besucht, um die Projekte zu sichten und neue zu planen. Joseph Hake selbst war \u00fcber zehn Mal in Afrika. Es werden nur Gelder nach Afrika \u00fcberwiesen, welche nachweislich in Selbsthilfe-Projekte mit dem Schwerpunkt Kinder\/Jugend flie\u00dfen. Bei vielen Missionskreisprojekten war Joseph Hake Hauptinitiator und Ideengeber.<\/p>\n\n\n\n<p>Der Wallfahrtsverein mit seinem Missionskreis ist Joseph Hake zu gro\u00dfem Dank verpflichtet. Insbesondere f\u00fcr den Aufbau des Missionskreises wie er heute besteht, die Umsetzung vieler kreativer Ideen und Projektarbeiten. Seine Anwesenheit und Unterst\u00fctzung war immer selbstlos und selbstverst\u00e4ndlich. Joseph Hake hat sich \u00fcber Jahrzehnte f\u00fcr Menschen in der dritten Welt vorbildlich eingesetzt. Damit hat er sich Respekt und Anerkennung im hohen Ma\u00dfe, auch bei den Menschen in Afrika erworben. Ein gro\u00dfer Dank gilt auch der Familie Hake, die seinen unerm\u00fcdlichen Einsatz immer gro\u00dfz\u00fcgig unterst\u00fctzt hat. Ihr gilt die aufrichtige Anteilnahme des Vereins und der Helfer des Missionskreises.<\/p>\n\n\n<div class=\"wp-block-image\">\n<figure class=\"aligncenter size-full\"><img loading=\"lazy\" decoding=\"async\" width=\"401\" height=\"427\" src=\"http:\/\/wordpress.ruller-wallfahrt-meppen.de\/wp-content\/uploads\/2022\/04\/grafik.png\" alt=\"\" class=\"wp-image-12149\" srcset=\"https:\/\/www.ruller-wallfahrt-meppen.de\/wp-content\/uploads\/2022\/04\/grafik.png 401w, https:\/\/www.ruller-wallfahrt-meppen.de\/wp-content\/uploads\/2022\/04\/grafik-282x300.png 282w\" sizes=\"auto, (max-width: 401px) 100vw, 401px\" \/><figcaption class=\"wp-element-caption\">Joseph Hake inmitten &#8222;seiner&#8220; Kinder beim Partnerverein Phephelaphi, bei seiner letzten Afrikareise 2018<\/figcaption><\/figure><\/div>\n\n\n<p>Dass die Kinder Joseph Hake besonders am Herzen lagen, zeigt sein letztes Projekt f\u00fcr die Erweiterung des Kinderschutzhauses Phephelaphi in S\u00fcdafrika, das er trotz seiner Krankheit auf den Weg brachte und dessen Bauarbeiten inzwischen angelaufen sind. Wenn auch dieses Projekt fertiggestellt ist, braucht es f\u00fcr die Zukunft noch freiwillige Helfer, um das Werk von Joseph Hake fortzusetzen. Informationen hierzu gibt es unter der Rufnummer 05931 4968884. Die L\u00fccke, die Joseph Hake hinterl\u00e4sst ist gro\u00df. Dennoch wird der Missionskreis seine erfolgreiche Arbeit auf neuen Wegen fortsetzen. Joseph Hake aber wird den Menschen, besonders den Kindern fehlen \u2013 von Meppen bis Afrika.<br>DANKE Joseph Hake!<\/p>\n\n\n\n<p>Ein Interview mit Joseph Hake gibt es bei EMS TV unter <a href=\"https:\/\/www.emstv.de\/videobeitrag\/ev1-tv-der-talk-joseph-hake\">https:\/\/www.emstv.de\/videobeitrag\/ev1-tv-der-talk-joseph-hake<\/a>.<\/p>\n","protected":false},"excerpt":{"rendered":"<p>I N&nbsp;&nbsp; M E M O R I A M Ruller Wallfahrtsverein trauert um Joseph Hake Leiter des Missionskreises Pater Wernke verstorben Der Ruller Wallfahrtsverein Meppen e. V. trauert um seinen langj\u00e4hrigen zweiten Vorsitzenden und Initiator des Missionskreises, Joseph Hake. Er verstarb nach schwerer Krankheit am 28.07.2019 im Alter von 66 Jahren. Joseph Hake war &hellip; <a href=\"https:\/\/www.ruller-wallfahrt-meppen.de\/?page_id=12121\" class=\"more-link\"><span class=\"screen-reader-text\">Joseph Hake<\/span> weiterlesen<\/a><\/p>\n","protected":false},"author":2,"featured_media":0,"parent":0,"menu_order":0,"comment_status":"closed","ping_status":"closed","template":"","meta":{"ngg_post_thumbnail":0,"footnotes":""},"class_list":["post-12121","page","type-page","status-publish","hentry"],"_links":{"self":[{"href":"https:\/\/www.ruller-wallfahrt-meppen.de\/index.php?rest_route=\/wp\/v2\/pages\/12121","targetHints":{"allow":["GET"]}}],"collection":[{"href":"https:\/\/www.ruller-wallfahrt-meppen.de\/index.php?rest_route=\/wp\/v2\/pages"}],"about":[{"href":"https:\/\/www.ruller-wallfahrt-meppen.de\/index.php?rest_route=\/wp\/v2\/types\/page"}],"author":[{"embeddable":true,"href":"https:\/\/www.ruller-wallfahrt-meppen.de\/index.php?rest_route=\/wp\/v2\/users\/2"}],"replies":[{"embeddable":true,"href":"https:\/\/www.ruller-wallfahrt-meppen.de\/index.php?rest_route=%2Fwp%2Fv2%2Fcomments&post=12121"}],"version-history":[{"count":4,"href":"https:\/\/www.ruller-wallfahrt-meppen.de\/index.php?rest_route=\/wp\/v2\/pages\/12121\/revisions"}],"predecessor-version":[{"id":12299,"href":"https:\/\/www.ruller-wallfahrt-meppen.de\/index.php?rest_route=\/wp\/v2\/pages\/12121\/revisions\/12299"}],"wp:attachment":[{"href":"https:\/\/www.ruller-wallfahrt-meppen.de\/index.php?rest_route=%2Fwp%2Fv2%2Fmedia&parent=12121"}],"curies":[{"name":"wp","href":"https:\/\/api.w.org\/{rel}","templated":true}]}}