{"id":12323,"date":"2023-07-23T09:28:30","date_gmt":"2023-07-23T09:28:30","guid":{"rendered":"https:\/\/www.ruller-wallfahrt-meppen.de\/?page_id=12323"},"modified":"2023-09-22T12:55:44","modified_gmt":"2023-09-22T12:55:44","slug":"wallfahrt-2023","status":"publish","type":"page","link":"https:\/\/www.ruller-wallfahrt-meppen.de\/?page_id=12323","title":{"rendered":"Wallfahrt 2023"},"content":{"rendered":"\n<h2 class=\"wp-block-heading\">Wallfahrtsmotto 2023:<\/h2>\n\n\n\n<p>&#8222;Habt Vertrauen, ich bin es, f\u00fcrchtet euch nicht.&#8220; Mt. 14,27<\/p>\n\n\n\n<p>Predigt: 1. Mai 2023 von Pfarrer Johannes Bartke<\/p>\n\n\n\n<p>Liebe Pilgerinnen und Pilger, Schwestern und Br\u00fcder!<\/p>\n\n\n\n<p>Der Moderator der Tagesthemen &#8211; Ingo Zamperoni &#8211; beendet seine Sendung h\u00e4ufig mit dem Satz: &#8222;Bleiben Sie zuversichtlich&#8220;. Man k\u00f6nnte diesen Wunsch als ein Relikt aus der Coronazeit wahrnehmen. Es gab noch andere S\u00e4tze w\u00e4hrend dieser Zeit: Bleiben Sie gesund oder passen Sie gut auf sich auf. Aber es sind ja nicht nur Worte aus der Pandemie.<\/p>\n\n\n\n<p>&#8222;Bleiben Sie zuversichtlich&#8220; &#8211; ein Mutmachspruch und noch viel mehr. Wie kann man das sagen und seine Sendung so beenden, wenn man vorher so viele schlechte Nachrichten verk\u00fcnden muss. Was f\u00fcr eine Hoffnung steckt in einer solchen Zusage. Woher nimmt der Moderator diesen Mut? In diesem Wunsch kann man ja auch eine versteckte religi\u00f6se Aussage sp\u00fcren &#8211; eine s\u00e4kulare religi\u00f6se Aussage, ohne den Namen &#8222;Gott&#8220; zu erw\u00e4hnen.<\/p>\n\n\n\n<p><br>Bleiben Sie zuversichtlich. Bleiben wir zuversichtlich. Bleib zuversichtlich. <br>Haben wir einen Grund dazu? Haben wir nicht eher Probleme mit der Zuversicht? <br>In Kirche und Gesellschaft, im pers\u00f6nlichen Umfeld, ganz weit: in unserer Welt \u00fcberhaupt. Es gibt andere Worte, die fast wie abgerissene Wortfetzen wirken und sich einer Resignation entgegen stemmen. Sie hei\u00dfen: &#8211; trotz allem (mach weiter) &#8211; dennoch &#8211; bleib da (tritt nicht aus). Sie wirken wie Durchhalteparolen nach dem Motto: Am Ende des Tunnels gibt es wieder Licht oder: es wird mal wieder anders oder: Wir lassen uns nicht unterkriegen.<\/p>\n\n\n\n<p><br>Es w\u00e4re zu wenig, wenn wir nur diese Parolen h\u00e4tten.<br>Wir haben noch einen anderen, tieferen Grund: &#8222;Habt Vertrauen! Ich bin es. F\u00fcrchtet euch nicht!&#8220; So steht es im Evangelium, das wir gerade geh\u00f6rt haben. <br>Und dieses Mutmach-Evangelium wird &#8211; den J\u00fcngern zuerst und uns heute &#8211; in eine Situation hineingesagt, die bedrohlich ist, die uns Angst und Schrecken einjagt: <br>das Boot, in dem die J\u00fcnger sitzen, ist seit den Anf\u00e4ngen ein Symbol f\u00fcr die Kirche. Wir sitzen zusammen in diesem Boot, das ja im Laufe der Jahrhunderte zu einem riesigen Luxusliner geworden ist. Und wir sp\u00fcren all das, was in diesem Abschnitt kurz beschrieben ist: der Gegenwind, die Nacht, die Angst, das Auftauchen eines Unbekannten (scheinbar Unbekannten). Wir k\u00f6nnten all das jetzt mit Namen und Situationen f\u00fcllen &#8211; von welchen Seiten auch immer. <\/p>\n\n\n\n<p>Und da traut sich jemand aufs Wasser. In einem Bild von Ernst Alt wollen ihn die anderen J\u00fcnger zur\u00fcckhalten. Aber dieser Petrus ist ganz Ohr. Der I. Papst traut sich aufs Wasser &#8211; verl\u00e4sst sicheren Boden &#8211; nur, weil Jesus ihn ruft. \u00dcbrigens ist von den anderen im Boot gar nicht mehr die Rede &#8211; vielleicht haben sie sich weggeduckt. <\/p>\n\n\n\n<p><br>Schauen wir noch mal auf den Dialog zwischen Jesus und Petrus:<br>Der vertraute Jesus sagt: F\u00fcrchtet euch nicht. Ich bin es.<br>Der mutige Petrus antwortet: Wenn du es bist, dann wage ich etwas.<br>Der auffordernde Jesus ermutigt: Komm.<br>Der \u00e4ngstliche Petrus: Herr, rette mich, ich gehe unter (ich habe Angst vor meiner eigenen Courage).<br>Der rettende Jesus: Warum hast du gezweifelt, du Kleingl\u00e4ubiger.<br>Und im sicheren Boot best\u00e4tigen alle: Du bist der Sohn Gottes.<\/p>\n\n\n\n<p>Es ist ein Begegnungsgeschehen besonderer Art. Wenn das Boot die Kirche ist und Petrus der Prototyp eines glaubenden Menschen &#8211; ja eine Leitfigur &#8211; dann geschieht diese Szene immer wieder: die unverhoffte Gegenwart Jesu, die Zusage: ich bin es, dass sich einlassen, die Erfahrung der Schw\u00e4che, die neue, rettende Erkenntnis: ja, wir gehen nicht zugrunde. <br>Verantwortliche f\u00fcr das Wallfahrtswesen haben dieses Motto in diesem Jahr gew\u00e4hlt.<br>Wahrscheinlich sehr bedacht, auch um Hoffnung zu geben. Oder sich an eine Hoffnung auszurichten. Jede Wallfahrt ist Ausdruck von Hoffnung. Denn in der Wallfahrt vollzieht sich das, was das 2. Vatikanische Konzil vor mehr als 60 Jahren beschrieben hat:<br>Wir sind Volk Gottes &#8211; unterwegs mit einer Verhei\u00dfung.<br>Wir sind Gottes Volk &#8211; unterwegs mit einer Hoffnung.<\/p>\n\n\n\n<p>Hoffnung &#8211; nach einem Zitat von Vaclav Havel &#8211; ist nicht die \u00dcberzeugung, dass etwas gut ausgeht, sondern die Gewissheit, dass etwas Sinn hat, egal wie es ausgeht.<br>Es ist eine Hoffnung, die wir mit Petrus und den J\u00fcngern im Boot teilen. Und hier an diesem Ort vor allem auch mit Maria teilen. Petrus und Maria sind somit unsere Weggef\u00e4hrten. Amen.<\/p>\n","protected":false},"excerpt":{"rendered":"<p>Wallfahrtsmotto 2023: &#8222;Habt Vertrauen, ich bin es, f\u00fcrchtet euch nicht.&#8220; Mt. 14,27 Predigt: 1. Mai 2023 von Pfarrer Johannes Bartke Liebe Pilgerinnen und Pilger, Schwestern und Br\u00fcder! Der Moderator der Tagesthemen &#8211; Ingo Zamperoni &#8211; beendet seine Sendung h\u00e4ufig mit dem Satz: &#8222;Bleiben Sie zuversichtlich&#8220;. Man k\u00f6nnte diesen Wunsch als ein Relikt aus der Coronazeit &hellip; <a href=\"https:\/\/www.ruller-wallfahrt-meppen.de\/?page_id=12323\" class=\"more-link\"><span class=\"screen-reader-text\">Wallfahrt 2023<\/span> weiterlesen<\/a><\/p>\n","protected":false},"author":3,"featured_media":0,"parent":11921,"menu_order":1,"comment_status":"closed","ping_status":"closed","template":"","meta":{"ngg_post_thumbnail":0,"footnotes":""},"class_list":["post-12323","page","type-page","status-publish","hentry"],"_links":{"self":[{"href":"https:\/\/www.ruller-wallfahrt-meppen.de\/index.php?rest_route=\/wp\/v2\/pages\/12323","targetHints":{"allow":["GET"]}}],"collection":[{"href":"https:\/\/www.ruller-wallfahrt-meppen.de\/index.php?rest_route=\/wp\/v2\/pages"}],"about":[{"href":"https:\/\/www.ruller-wallfahrt-meppen.de\/index.php?rest_route=\/wp\/v2\/types\/page"}],"author":[{"embeddable":true,"href":"https:\/\/www.ruller-wallfahrt-meppen.de\/index.php?rest_route=\/wp\/v2\/users\/3"}],"replies":[{"embeddable":true,"href":"https:\/\/www.ruller-wallfahrt-meppen.de\/index.php?rest_route=%2Fwp%2Fv2%2Fcomments&post=12323"}],"version-history":[{"count":4,"href":"https:\/\/www.ruller-wallfahrt-meppen.de\/index.php?rest_route=\/wp\/v2\/pages\/12323\/revisions"}],"predecessor-version":[{"id":12340,"href":"https:\/\/www.ruller-wallfahrt-meppen.de\/index.php?rest_route=\/wp\/v2\/pages\/12323\/revisions\/12340"}],"up":[{"embeddable":true,"href":"https:\/\/www.ruller-wallfahrt-meppen.de\/index.php?rest_route=\/wp\/v2\/pages\/11921"}],"wp:attachment":[{"href":"https:\/\/www.ruller-wallfahrt-meppen.de\/index.php?rest_route=%2Fwp%2Fv2%2Fmedia&parent=12323"}],"curies":[{"name":"wp","href":"https:\/\/api.w.org\/{rel}","templated":true}]}}