{"id":9718,"date":"2018-01-14T16:02:23","date_gmt":"2018-01-14T16:02:23","guid":{"rendered":"http:\/\/wordpress.ruller-wallfahrt-meppen.de\/?page_id=9718"},"modified":"2023-07-27T20:37:28","modified_gmt":"2023-07-27T20:37:28","slug":"mitgliedschaft","status":"publish","type":"page","link":"https:\/\/www.ruller-wallfahrt-meppen.de\/?page_id=9718","title":{"rendered":"Mitgliedschaft"},"content":{"rendered":"<p class=\"Stil5\">Das Thema Wallfahrt ist zeitlos; so alt wie die Erlebnisse des Volkes Israel in der W\u00fcste und so aktuell wie die Gef\u00fchle der Ruller Wallfahrer, die nach mehrt\u00e4gigem gemeinsamen Fu\u00dfweg vor dem Gnadenbild in Rulle stehen. Wallfahrer denken \u00fcber ihr Leben nach, sie bitten und danken, schweigen und erz\u00e4hlen, beten und singen. Sie suchen Gottes Melodie in Ihrem Leben und gehen damit sich selbst auf die Spur.<\/p>\n<p class=\"Stil5\">Der klassische Wallfahrer benutzt seine F\u00fc\u00dfe. Er setzt sich Sonne und Regen aus, bevorzugt abgelegene Wege und kommt doch um die verkehrsreichen Stra\u00dfen nicht herum. Er ist unterwegs in einer Gruppe Gleichgesinnter. In der Gemeinschaft st\u00fctzt man sich gegenseitig und kommt miteinander ans Ziel. Darin ist die Wallfahrt ein Bild der Kirche. Wir sind nicht allein, wir sind miteinander auf dem Weg. Diese Erfahrung macht Mut. Wallfahrer theoretisieren nicht. Sie tun etwas Konkretes. Dazu geh\u00f6ren fr\u00fches Aufstehen, mancher Verzicht auf Annehmlichkeiten und oft Blasen an den F\u00fc\u00dfen.<\/p>\n<p class=\"Stil5\">Ich werde mitgenommen, oder ich nehme andere mit. Das ist Anlass genug, damit geht es los. Zu einem Ort, unspektakul\u00e4r, abseits der selbsternannten Zentren. Zu einer Erfahrung von Religion, wie wir sie nur selten erleben, zum Greifen nahe.<\/p>\n<p class=\"Stil5\">Wer mitmacht, erlebt, der andere betet auch so wie ich. Mehr noch, er sp\u00fcrt: Kirche, das bin ich. Gott, das ist f\u00fcr niemanden eine einfache Formel. Beten, das hat mit Spontaneit\u00e4t und Phantasie zu tun.<\/p>\n<p class=\"Stil5\">Wer vom Stra\u00dfenrand zuschaut, sp\u00fcrt: Da widersetzen sich Menschen dem Strom. Die lassen sich den Glauben etwas Wert sein. Sie tragen ein Kreuz bei sich und keine Parolen.<\/p>\n<p class=\"Stil5\">Wallfahrtsorte laden ein zu Besinnung und Gebet, zur Erfahrung von lebendiger Kirche und zu der Hoffnung, dass wir am Ende unseres eigenen Lebensweges tats\u00e4chlich &#8222;nach Hause kommen&#8220;. Es gibt diese Orte und Glaubensoasen, an denen Gott den Menschen besonders Nahe ist. So etwas gibt es nicht im Reiseb\u00fcro. Wer sich auf den macht, lebt f\u00fcr diese Zeit bewusster und kehrt ver\u00e4ndert nach Hause zur\u00fcck.<\/p>\n<p><span class=\"Stil5\">Bleibt noch eine letzte Frage:<\/span>\u00a0<em><strong>&#8222;Ist eine Wallfahrt Urlaub?&#8220;<\/strong><\/em><br \/>\n<span class=\"Stil5\">Antwort: <\/span><em><strong>&#8222;F\u00fcr die Seele ja.&#8220;<\/strong><\/em><\/p>\n<p><span class=\"Stil5\">Um Online Mitglied zu werden, f\u00fcllen Sie einfach die nachfolgende Beitrittserkl\u00e4rung aus. Das Formular wird automatisch an den Vorsitzenden weitergeleitet. Nun brauchen Sie nur noch ein bisschen Geduld, denn \u00fcber Ihren Eintritt entscheidet der Vorstand auf einer seiner n\u00e4chsten Sitzungen. Sie erhalten dann eine Einladung zur n\u00e4chsten Mitgliederversammlung auf der Sie als neues Mitglied begr\u00fc\u00dft werden.<\/span><\/p>\n<p>Sie k\u00f6nnen sich hier nat\u00fcrlich auch ein\u00a0<a href=\"https:\/\/www.ruller-wallfahrt-meppen.de\/wp-content\/uploads\/2023\/02\/Beitrittsformular-22.pdf\">Beitrittsformular<\/a>\u00a0downloaden, es ausf\u00fcllen und per Fax oder auf dem Postweg versenden.<\/p>\n","protected":false},"excerpt":{"rendered":"<p>Das Thema Wallfahrt ist zeitlos; so alt wie die Erlebnisse des Volkes Israel in der W\u00fcste und so aktuell wie die Gef\u00fchle der Ruller Wallfahrer, die nach mehrt\u00e4gigem gemeinsamen Fu\u00dfweg vor dem Gnadenbild in Rulle stehen. Wallfahrer denken \u00fcber ihr Leben nach, sie bitten und danken, schweigen und erz\u00e4hlen, beten und singen. Sie suchen Gottes &hellip; <a href=\"https:\/\/www.ruller-wallfahrt-meppen.de\/?page_id=9718\" class=\"more-link\"><span class=\"screen-reader-text\">Mitgliedschaft<\/span> weiterlesen<\/a><\/p>\n","protected":false},"author":1,"featured_media":0,"parent":11924,"menu_order":0,"comment_status":"closed","ping_status":"closed","template":"","meta":{"ngg_post_thumbnail":0,"footnotes":""},"class_list":["post-9718","page","type-page","status-publish","hentry"],"_links":{"self":[{"href":"https:\/\/www.ruller-wallfahrt-meppen.de\/index.php?rest_route=\/wp\/v2\/pages\/9718","targetHints":{"allow":["GET"]}}],"collection":[{"href":"https:\/\/www.ruller-wallfahrt-meppen.de\/index.php?rest_route=\/wp\/v2\/pages"}],"about":[{"href":"https:\/\/www.ruller-wallfahrt-meppen.de\/index.php?rest_route=\/wp\/v2\/types\/page"}],"author":[{"embeddable":true,"href":"https:\/\/www.ruller-wallfahrt-meppen.de\/index.php?rest_route=\/wp\/v2\/users\/1"}],"replies":[{"embeddable":true,"href":"https:\/\/www.ruller-wallfahrt-meppen.de\/index.php?rest_route=%2Fwp%2Fv2%2Fcomments&post=9718"}],"version-history":[{"count":12,"href":"https:\/\/www.ruller-wallfahrt-meppen.de\/index.php?rest_route=\/wp\/v2\/pages\/9718\/revisions"}],"predecessor-version":[{"id":12338,"href":"https:\/\/www.ruller-wallfahrt-meppen.de\/index.php?rest_route=\/wp\/v2\/pages\/9718\/revisions\/12338"}],"up":[{"embeddable":true,"href":"https:\/\/www.ruller-wallfahrt-meppen.de\/index.php?rest_route=\/wp\/v2\/pages\/11924"}],"wp:attachment":[{"href":"https:\/\/www.ruller-wallfahrt-meppen.de\/index.php?rest_route=%2Fwp%2Fv2%2Fmedia&parent=9718"}],"curies":[{"name":"wp","href":"https:\/\/api.w.org\/{rel}","templated":true}]}}