{"id":9747,"date":"2018-01-14T17:42:46","date_gmt":"2018-01-14T17:42:46","guid":{"rendered":"http:\/\/wordpress.ruller-wallfahrt-meppen.de\/?page_id=9747"},"modified":"2024-11-04T22:20:17","modified_gmt":"2024-11-04T22:20:17","slug":"kontakt","status":"publish","type":"page","link":"https:\/\/www.ruller-wallfahrt-meppen.de\/?page_id=9747","title":{"rendered":"Kontakt \/ Impressum"},"content":{"rendered":"<h1 style=\"text-align: center;\"><\/h1>\n<p><strong>Ruller Wallfahrtsverein Meppen e.V.<\/strong><\/p>\n<p>Vereinsregister: Nr. 864 am 07.10.1998<br \/>\nbeim Amtsgericht Meppen<\/p>\n<p>Vorsitzender: Ansgar Temmen<br \/>\nPastor-Fritze-Stra\u00dfe 3<br \/>\n49716 Meppen<\/p>\n<p>Telefon: 05931 4968884<br \/>\nE-Mail: <a href=\"mailto:vorstand@ruller-wallfahrt-meppen.de\">vorstand@ruller-wallfahrt-meppen.de<\/a><\/p>\n<p><strong>Rechtliche Hinweise\u00a0<\/strong><\/p>\n<p>Diese rechtlichen Hinweise beziehen sich auf die vom Ruller Wallfahrtsverein hier angebotenen allgemein zug\u00e4nglichen Webseiten, nicht jedoch auf Seiten anderer Anbieter, die \u00fcber Links von diesen Webseiten erreicht werden k\u00f6nnen.<\/p>\n<p><strong>Haftungsausschlu\u00df\u00a0<\/strong><\/p>\n<p><strong>Inhalt des Onlineangebotes\u00a0<\/strong><\/p>\n<p>Der Ruller Wallfahrtsverein ist bem\u00fcht, daf\u00fcr Sorge zu tragen, dass die Inhalte auf diesen Webseiten aktuell, vollst\u00e4ndig und richtig sind. Alle Inhalte werden bei ihrer Einstellung in diese Webseiten und danach in unregelm\u00e4\u00dfigen Abst\u00e4nden sorgf\u00e4ltig gepr\u00fcft. Da Informationen jedoch raschen \u00c4nderungen unterliegen k\u00f6nnen, sind die Inhalte nicht notwendigerweise immer aktuell, richtig und vollst\u00e4ndig. Deshalb kann der Ruller Wallfahrtsverein keinerlei Gew\u00e4hr f\u00fcr die Aktualit\u00e4t, Korrektheit, Vollst\u00e4ndigkeit oder Qualit\u00e4t der bereitgestellten Informationen \u00fcbernehmen. Durch Sch\u00e4den materieller oder ideeller Art, die durch die Nutzung oder Nichtnutzung der dargebotenen Informationen bzw. durch die Nutzung fehlerhafter und unvollst\u00e4ndiger Informationen verursacht wurden, entstehen aus diesem Grund keine Haftungsanspr\u00fcche gegen den Ruller Wallfahrtsverein. Ein Anspruch entsteht nur, wenn seitens des Ruller Wallfahrtsvereins nachweislich ein vors\u00e4tzliches oder grob fahrl\u00e4ssiges Verschulden vorliegt.<\/p>\n<p>Alle auf diesen Webseiten offerierten Angebote sind freibleibend und unverbindlich. Das gesamte Angebot oder auch nur Teile davon k\u00f6nnen vom Ruller Wallfahrtsverein ohne Vorank\u00fcndigung ge\u00e4ndert, erg\u00e4nzt oder gel\u00f6scht werden. Der Ruller Wallfahrtsverein beh\u00e4lt es sich au\u00dferdem vor, die Ver\u00f6ffentlichung dieses Angebotes zeitweise oder endg\u00fcltig einzustellen.<\/p>\n<p><strong>Verweise und Links\u00a0<\/strong><\/p>\n<p>Diese Webseiten k\u00f6nnen direkte oder indirekte Verweise (&#8222;Links&#8220;) zu Webseiten anderer Anbieter enthalten, deren Inhalte vom Ruller Wallfahrtsverein nicht notwendigerweise autorisiert sind bzw. fortlaufend kontrolliert werden. Eine Haftungsverpflichtung tritt ausschlie\u00dflich in dem Fall in Kraft, in dem der Ruller Wallfahrtsverein von den Inhalten Kenntnis hat und es ihm technisch m\u00f6glich und zumutbar w\u00e4re, die Nutzung im Falle rechtswidriger Inhalte zu verhindern. Der Ruller Wallfahrtsverein versichert hiermit ausdr\u00fccklich, dass zum Zeitpunkt der Linksetzung keine illegalen Inhalte auf den zu verlinkenden Seiten erkennbar waren. Auf die aktuelle und zuk\u00fcnftige Gestaltung, die Inhalte oder die Urheberschaft der gelinkten\/verkn\u00fcpften Seiten hat der Ruller Wallfahrtsverein keinerlei Einfluss. Deshalb distanziert sie sich hiermit ausdr\u00fccklich von allen Inhalten aller gelinkten \/verkn\u00fcpften Seiten, die nach der Linksetzung ver\u00e4ndert wurden. Diese Feststellung gilt f\u00fcr alle innerhalb des eigenen Internetangebotes gesetzten Links und Verweise sowie f\u00fcr Fremdeintr\u00e4ge in vom Ruller Wallfahrtsverein eingerichteten G\u00e4steb\u00fcchern, Diskussionsforen und Mailinglisten. F\u00fcr illegale, fehlerhafte oder unvollst\u00e4ndige Inhalte und insbesondere f\u00fcr Sch\u00e4den, die aus der Nutzung oder Nichtnutzung solcherart dargebotener Informationen entstehen, haftet allein der Anbieter der Seite, auf welche verwiesen wurde, nicht derjenige, der \u00fcber Links auf die jeweilige Ver\u00f6ffentlichung lediglich verweist.<\/p>\n<p><strong>Rechtswirksamkeit dieses Haftungsausschlusses\u00a0<\/strong><\/p>\n<p>Dieser Haftungsausschluss ist als Teil des Internetangebotes zu betrachten, von dem aus auf diese Seite verwiesen wurde. Sofern Teile oder einzelne Formulierungen dieses Textes der geltenden Rechtslage nicht, nicht mehr oder nicht vollst\u00e4ndig entsprechen sollten, bleiben die \u00fcbrigen Teile des Dokumentes in ihrem Inhalt und ihrer G\u00fcltigkeit davon unber\u00fchrt.<\/p>\n<p><strong>Urheber- und Kennzeichenrecht\u00a0<\/strong><\/p>\n<p>Alle innerhalb des Internetangebotes genannten und ggf. durch Dritte gesch\u00fctzten Marken- und Warenzeichen unterliegen uneingeschr\u00e4nkt den Bestimmungen des jeweils g\u00fcltigen Kennzeichenrechts und den Besitzrechten der jeweiligen eingetragenen Eigent\u00fcmer. Allein aufgrund der blo\u00dfen Nennung ist nicht der Schluss zu ziehen, dass Markenzeichen nicht durch Rechte Dritter gesch\u00fctzt sind!<\/p>\n<p>Das Copyright f\u00fcr ver\u00f6ffentlichte, vom Ruller Wallfahrtsverein selbst erstellte Objekte bleibt allein beim Ruller Wallfahrtsverein. Eine Vervielf\u00e4ltigung oder Verwendung solcher Grafiken, Tondokumente, Videosequenzen und Texte in anderen elektronischen oder gedruckten Publikationen bedarf der schriftlichen Zustimmung des Ruller Wallfahrtsverein.<\/p>\n<p><strong>Datenschutz<\/strong><\/p>\n<p>Auf bestimmten Seiten dieser Internet-Pr\u00e4senz erhebt der Ruller Wallfahrtsverein personenbezogene Daten, soweit dies nach deutschem Recht gesetzlich zul\u00e4ssig ist. Die Angabe personenbezogener Daten ist freiwillig. Der Ruller Wallfahrtsverein speichert die Nutzerdaten (wie Name, Geburtsdatum, Post- oder E- Mail-Anschrift, Telefonnummer etc.) lediglich zur Durchf\u00fchrung der angebotenen Dienstleistungen. Fremden Unternehmen werden diese Daten nur mit Einverst\u00e4ndnis der Personen zur Verf\u00fcgung gestellt.<\/p>\n<p>Allgemeine Daten im Zusammenhang mit der Nutzung dieser Webseiten (wie z.B. Zahl der Besuche, besuchte Seiten, Nutzungsdauer) werden vom Ruller Wallfahrtsverein gespeichert und analysiert, um die Akzeptanz der einzelnen Webseiten zu pr\u00fcfen. Sofern nicht anders angegeben, erfolgt die Erhebung dieser Daten in anonymisierter Form zu statistischen und Marktforschungszwecken.<\/p>\n<p><strong>Nutzungsbedingungen<\/strong><\/p>\n<p>Der Ruller Wallfahrtsverein stellt die auf diesen Webseiten eingestellten Inhalte ihren Mitgliedern und anderen Interessenten zur allgemeinen Information zur Verf\u00fcgung. Die Webseiten sind nicht an Personen in L\u00e4ndern gerichtet, die das Vorhalten bzw. den Aufruf der darin eingestellten Inhalte untersagen. Jeder Nutzer ist selbst verantwortlich, sich \u00fcber etwaige Beschr\u00e4nkungen vor Aufruf dieser Webseiten zu informieren und diese einzuhalten. Die Inhalte auf diesen Webseiten stellen weder Werbung noch ein Vertragsangebot oder eine sonstige Beratung dar. Durch das Vorhalten von Inhalten auf diesen Webseiten bzw. durch deren Aufruf geht der Ruller Wallfahrtsverein mit dem Nutzer keinerlei vertragliche Beziehungen ein.<\/p>\n<p>Das Herunterladen sowie die vor\u00fcbergehende Speicherung einzelner Webseiten auf einem Computer oder Bildschirm ist zul\u00e4ssig. Die Reproduktion, dauerhafte Speicherung oder Versendung von Inhalten, die auf diesen Webseiten eingestellt sind, bedarf hingegen der Zustimmung des Ruller Wallfahrtsverein.<\/p>\n","protected":false},"excerpt":{"rendered":"<p>Ruller Wallfahrtsverein Meppen e.V. Vereinsregister: Nr. 864 am 07.10.1998 beim Amtsgericht Meppen Vorsitzender: Ansgar Temmen Pastor-Fritze-Stra\u00dfe 3 49716 Meppen Telefon: 05931 4968884 E-Mail: vorstand@ruller-wallfahrt-meppen.de Rechtliche Hinweise\u00a0 Diese rechtlichen Hinweise beziehen sich auf die vom Ruller Wallfahrtsverein hier angebotenen allgemein zug\u00e4nglichen Webseiten, nicht jedoch auf Seiten anderer Anbieter, die \u00fcber Links von diesen Webseiten erreicht werden &hellip; <a href=\"https:\/\/www.ruller-wallfahrt-meppen.de\/?page_id=9747\" class=\"more-link\"><span class=\"screen-reader-text\">Kontakt \/ Impressum<\/span> weiterlesen<\/a><\/p>\n","protected":false},"author":1,"featured_media":0,"parent":0,"menu_order":0,"comment_status":"closed","ping_status":"closed","template":"","meta":{"ngg_post_thumbnail":0,"footnotes":""},"class_list":["post-9747","page","type-page","status-publish","hentry"],"_links":{"self":[{"href":"https:\/\/www.ruller-wallfahrt-meppen.de\/index.php?rest_route=\/wp\/v2\/pages\/9747","targetHints":{"allow":["GET"]}}],"collection":[{"href":"https:\/\/www.ruller-wallfahrt-meppen.de\/index.php?rest_route=\/wp\/v2\/pages"}],"about":[{"href":"https:\/\/www.ruller-wallfahrt-meppen.de\/index.php?rest_route=\/wp\/v2\/types\/page"}],"author":[{"embeddable":true,"href":"https:\/\/www.ruller-wallfahrt-meppen.de\/index.php?rest_route=\/wp\/v2\/users\/1"}],"replies":[{"embeddable":true,"href":"https:\/\/www.ruller-wallfahrt-meppen.de\/index.php?rest_route=%2Fwp%2Fv2%2Fcomments&post=9747"}],"version-history":[{"count":12,"href":"https:\/\/www.ruller-wallfahrt-meppen.de\/index.php?rest_route=\/wp\/v2\/pages\/9747\/revisions"}],"predecessor-version":[{"id":12446,"href":"https:\/\/www.ruller-wallfahrt-meppen.de\/index.php?rest_route=\/wp\/v2\/pages\/9747\/revisions\/12446"}],"wp:attachment":[{"href":"https:\/\/www.ruller-wallfahrt-meppen.de\/index.php?rest_route=%2Fwp%2Fv2%2Fmedia&parent=9747"}],"curies":[{"name":"wp","href":"https:\/\/api.w.org\/{rel}","templated":true}]}}